{"id":299,"date":"2024-11-21T00:58:54","date_gmt":"2024-11-21T00:58:54","guid":{"rendered":"https:\/\/digitalbunker.agenciajmz.com\/?post_type=product&#038;p=299"},"modified":"2025-05-06T03:48:26","modified_gmt":"2025-05-06T03:48:26","slug":"megapack-de-whatsapp","status":"publish","type":"product","link":"https:\/\/digitalbunker.agenciajmz.com\/?product=megapack-de-whatsapp","title":{"rendered":"Megapack de Whatsapp"},"content":{"rendered":"<p>\u00a1Domina el arte de vender a trav\u00e9s de WhatsApp! En este curso aprender\u00e1s a utilizar la plataforma de mensajer\u00eda m\u00e1s popular como una poderosa herramienta de ventas. Descubrir\u00e1s estrategias pr\u00e1cticas para atraer clientes, cerrar ventas y fidelizar a tu audiencia de manera profesional y efectiva.<\/p>\n<p>&nbsp;<\/p>\n","protected":false},"excerpt":{"rendered":"<p><strong>&#8220;Genio en Ventas por WhatsApp&#8221;<\/strong><\/p>\n<p>Aprende a dominar WhatsApp para atraer clientes, cerrar ventas y fidelizar. Descubre estrategias efectivas, automatizaci\u00f3n, uso de cat\u00e1logos y t\u00e9cnicas de persuasi\u00f3n que transformar\u00e1n tu negocio. Ideal para emprendedores y vendedores que buscan maximizar resultados.<\/p>\n<p>\u00a1Conecta, vende y crece como un profesional!<\/p>\n","protected":false},"featured_media":300,"comment_status":"open","ping_status":"closed","template":"","meta":[],"product_cat":[22],"product_tag":[],"class_list":{"0":"post-299","1":"product","2":"type-product","3":"status-publish","4":"has-post-thumbnail","6":"product_cat-cursos","8":"first","9":"instock","10":"sale","11":"downloadable","12":"shipping-taxable","13":"purchasable","14":"product-type-simple"},"_links":{"self":[{"href":"https:\/\/digitalbunker.agenciajmz.com\/index.php?rest_route=\/wp\/v2\/product\/299"}],"collection":[{"href":"https:\/\/digitalbunker.agenciajmz.com\/index.php?rest_route=\/wp\/v2\/product"}],"about":[{"href":"https:\/\/digitalbunker.agenciajmz.com\/index.php?rest_route=\/wp\/v2\/types\/product"}],"replies":[{"embeddable":true,"href":"https:\/\/digitalbunker.agenciajmz.com\/index.php?rest_route=%2Fwp%2Fv2%2Fcomments&post=299"}],"wp:featuredmedia":[{"embeddable":true,"href":"https:\/\/digitalbunker.agenciajmz.com\/index.php?rest_route=\/wp\/v2\/media\/300"}],"wp:attachment":[{"href":"https:\/\/digitalbunker.agenciajmz.com\/index.php?rest_route=%2Fwp%2Fv2%2Fmedia&parent=299"}],"wp:term":[{"taxonomy":"product_cat","embeddable":true,"href":"https:\/\/digitalbunker.agenciajmz.com\/index.php?rest_route=%2Fwp%2Fv2%2Fproduct_cat&post=299"},{"taxonomy":"product_tag","embeddable":true,"href":"https:\/\/digitalbunker.agenciajmz.com\/index.php?rest_route=%2Fwp%2Fv2%2Fproduct_tag&post=299"}],"curies":[{"name":"wp","href":"https:\/\/api.w.org\/{rel}","templated":true}]}}