{"id":324,"date":"2025-05-03T02:22:37","date_gmt":"2025-05-03T02:22:37","guid":{"rendered":"https:\/\/digitalbunker.agenciajmz.com\/?post_type=product&#038;p=324"},"modified":"2025-05-06T03:46:47","modified_gmt":"2025-05-06T03:46:47","slug":"como-vender-en-amazon","status":"publish","type":"product","link":"https:\/\/digitalbunker.agenciajmz.com\/?product=como-vender-en-amazon","title":{"rendered":"\u00bfC\u00f3mo vender en AMAZON?"},"content":{"rendered":"<p>Aprende paso a paso c\u00f3mo convertirte en un vendedor exitoso en Amazon. Desde la creaci\u00f3n de tu cuenta, selecci\u00f3n de productos ganadores, hasta el manejo de inventario, log\u00edstica (FBA y FBM) y estrategias de posicionamiento para destacar frente a la competencia. Ideal para emprendedores que quieren generar ingresos vendiendo en el marketplace m\u00e1s grande del mundo.<\/p>\n","protected":false},"excerpt":{"rendered":"<p>Aprende paso a paso c\u00f3mo convertirte en un vendedor exitoso en Amazon. Desde la creaci\u00f3n de tu cuenta, selecci\u00f3n de productos ganadores, hasta el manejo de inventario, log\u00edstica (FBA y FBM) y estrategias de posicionamiento para destacar frente a la competencia. Ideal para emprendedores que quieren generar ingresos vendiendo en el marketplace m\u00e1s grande del mundo.<\/p>\n","protected":false},"featured_media":326,"comment_status":"open","ping_status":"closed","template":"","meta":[],"product_cat":[22],"product_tag":[],"class_list":{"0":"post-324","1":"product","2":"type-product","3":"status-publish","4":"has-post-thumbnail","6":"product_cat-cursos","8":"first","9":"instock","10":"sale","11":"downloadable","12":"virtual","13":"purchasable","14":"product-type-simple"},"_links":{"self":[{"href":"https:\/\/digitalbunker.agenciajmz.com\/index.php?rest_route=\/wp\/v2\/product\/324"}],"collection":[{"href":"https:\/\/digitalbunker.agenciajmz.com\/index.php?rest_route=\/wp\/v2\/product"}],"about":[{"href":"https:\/\/digitalbunker.agenciajmz.com\/index.php?rest_route=\/wp\/v2\/types\/product"}],"replies":[{"embeddable":true,"href":"https:\/\/digitalbunker.agenciajmz.com\/index.php?rest_route=%2Fwp%2Fv2%2Fcomments&post=324"}],"wp:featuredmedia":[{"embeddable":true,"href":"https:\/\/digitalbunker.agenciajmz.com\/index.php?rest_route=\/wp\/v2\/media\/326"}],"wp:attachment":[{"href":"https:\/\/digitalbunker.agenciajmz.com\/index.php?rest_route=%2Fwp%2Fv2%2Fmedia&parent=324"}],"wp:term":[{"taxonomy":"product_cat","embeddable":true,"href":"https:\/\/digitalbunker.agenciajmz.com\/index.php?rest_route=%2Fwp%2Fv2%2Fproduct_cat&post=324"},{"taxonomy":"product_tag","embeddable":true,"href":"https:\/\/digitalbunker.agenciajmz.com\/index.php?rest_route=%2Fwp%2Fv2%2Fproduct_tag&post=324"}],"curies":[{"name":"wp","href":"https:\/\/api.w.org\/{rel}","templated":true}]}}