{"id":367,"date":"2025-05-05T21:25:21","date_gmt":"2025-05-05T21:25:21","guid":{"rendered":"https:\/\/digitalbunker.agenciajmz.com\/?post_type=product&#038;p=367"},"modified":"2025-05-06T03:45:13","modified_gmt":"2025-05-06T03:45:13","slug":"curso-de-arquitectura","status":"publish","type":"product","link":"https:\/\/digitalbunker.agenciajmz.com\/?product=curso-de-arquitectura","title":{"rendered":"Curso de Arquitectura"},"content":{"rendered":"<p>Emb\u00e1rcate en un emocionante recorrido por el mundo de la arquitectura con nuestro completo <strong>curso de arquitectura<\/strong>. Dise\u00f1ado para estudiantes, profesionales y entusiastas, te brindar\u00e1 las herramientas y habilidades necesarias para convertir tu pasi\u00f3n por el dise\u00f1o en carrera. Ya sea que desees crear espacios funcionales, impactantes y est\u00e9ticamente agradables, nuestro curso abarca desde los conceptos b\u00e1sicos hasta las t\u00e9cnicas m\u00e1s avanzadas que te har\u00e1n destacar en el campo.<\/p>\n<p>&nbsp;<\/p>\n","protected":false},"excerpt":{"rendered":"<p>Emb\u00e1rcate en un emocionante recorrido por el mundo de la arquitectura con nuestro completo curso de arquitectura. Dise\u00f1ado para estudiantes, profesionales y entusiastas, te brindar\u00e1 las herramientas y habilidades necesarias para convertir tu pasi\u00f3n por el dise\u00f1o en carrera. Ya sea que desees crear espacios funcionales, impactantes y est\u00e9ticamente agradables, nuestro curso abarca desde los [&hellip;]<\/p>\n","protected":false},"featured_media":368,"comment_status":"open","ping_status":"closed","template":"","meta":[],"product_cat":[22],"product_tag":[],"class_list":{"0":"post-367","1":"product","2":"type-product","3":"status-publish","4":"has-post-thumbnail","6":"product_cat-cursos","8":"first","9":"instock","10":"sale","11":"downloadable","12":"virtual","13":"purchasable","14":"product-type-simple"},"_links":{"self":[{"href":"https:\/\/digitalbunker.agenciajmz.com\/index.php?rest_route=\/wp\/v2\/product\/367"}],"collection":[{"href":"https:\/\/digitalbunker.agenciajmz.com\/index.php?rest_route=\/wp\/v2\/product"}],"about":[{"href":"https:\/\/digitalbunker.agenciajmz.com\/index.php?rest_route=\/wp\/v2\/types\/product"}],"replies":[{"embeddable":true,"href":"https:\/\/digitalbunker.agenciajmz.com\/index.php?rest_route=%2Fwp%2Fv2%2Fcomments&post=367"}],"wp:featuredmedia":[{"embeddable":true,"href":"https:\/\/digitalbunker.agenciajmz.com\/index.php?rest_route=\/wp\/v2\/media\/368"}],"wp:attachment":[{"href":"https:\/\/digitalbunker.agenciajmz.com\/index.php?rest_route=%2Fwp%2Fv2%2Fmedia&parent=367"}],"wp:term":[{"taxonomy":"product_cat","embeddable":true,"href":"https:\/\/digitalbunker.agenciajmz.com\/index.php?rest_route=%2Fwp%2Fv2%2Fproduct_cat&post=367"},{"taxonomy":"product_tag","embeddable":true,"href":"https:\/\/digitalbunker.agenciajmz.com\/index.php?rest_route=%2Fwp%2Fv2%2Fproduct_tag&post=367"}],"curies":[{"name":"wp","href":"https:\/\/api.w.org\/{rel}","templated":true}]}}