{"id":370,"date":"2025-05-05T22:02:20","date_gmt":"2025-05-05T22:02:20","guid":{"rendered":"https:\/\/digitalbunker.agenciajmz.com\/?post_type=product&#038;p=370"},"modified":"2025-05-06T03:34:38","modified_gmt":"2025-05-06T03:34:38","slug":"automatizacion-y-monetizacion-en-youtube","status":"publish","type":"product","link":"https:\/\/digitalbunker.agenciajmz.com\/?product=automatizacion-y-monetizacion-en-youtube","title":{"rendered":"Automatizaci\u00f3n y monetizaci\u00f3n en Youtube"},"content":{"rendered":"<p>\u00bfTe gustar\u00eda monetizar tu canal de YouTube de manera efectiva y con poco esfuerzo? Nuestro <strong>Curso de Automatizaci\u00f3n y Monetizaci\u00f3n en YouTube<\/strong> est\u00e1 dise\u00f1ado para ense\u00f1arte las estrategias m\u00e1s efectivas para maximizar tus ingresos a trav\u00e9s de la plataforma de video m\u00e1s grande del mundo. Con t\u00e9cnicas de automatizaci\u00f3n probadas, podr\u00e1s generar contenido atractivo que captar\u00e1 la atenci\u00f3n de tu audiencia sin comprometer tu tiempo.<\/p>\n<p>&nbsp;<\/p>\n","protected":false},"excerpt":{"rendered":"<p>\u00bfTe gustar\u00eda monetizar tu canal de YouTube de manera efectiva y con poco esfuerzo? Nuestro Curso de Automatizaci\u00f3n y Monetizaci\u00f3n en YouTube est\u00e1 dise\u00f1ado para ense\u00f1arte las estrategias m\u00e1s efectivas para maximizar tus ingresos a trav\u00e9s de la plataforma de video m\u00e1s grande del mundo. Con t\u00e9cnicas de automatizaci\u00f3n probadas, podr\u00e1s generar contenido atractivo que [&hellip;]<\/p>\n","protected":false},"featured_media":371,"comment_status":"open","ping_status":"closed","template":"","meta":[],"product_cat":[22],"product_tag":[],"class_list":{"0":"post-370","1":"product","2":"type-product","3":"status-publish","4":"has-post-thumbnail","6":"product_cat-cursos","8":"first","9":"instock","10":"sale","11":"downloadable","12":"virtual","13":"purchasable","14":"product-type-simple"},"_links":{"self":[{"href":"https:\/\/digitalbunker.agenciajmz.com\/index.php?rest_route=\/wp\/v2\/product\/370"}],"collection":[{"href":"https:\/\/digitalbunker.agenciajmz.com\/index.php?rest_route=\/wp\/v2\/product"}],"about":[{"href":"https:\/\/digitalbunker.agenciajmz.com\/index.php?rest_route=\/wp\/v2\/types\/product"}],"replies":[{"embeddable":true,"href":"https:\/\/digitalbunker.agenciajmz.com\/index.php?rest_route=%2Fwp%2Fv2%2Fcomments&post=370"}],"wp:featuredmedia":[{"embeddable":true,"href":"https:\/\/digitalbunker.agenciajmz.com\/index.php?rest_route=\/wp\/v2\/media\/371"}],"wp:attachment":[{"href":"https:\/\/digitalbunker.agenciajmz.com\/index.php?rest_route=%2Fwp%2Fv2%2Fmedia&parent=370"}],"wp:term":[{"taxonomy":"product_cat","embeddable":true,"href":"https:\/\/digitalbunker.agenciajmz.com\/index.php?rest_route=%2Fwp%2Fv2%2Fproduct_cat&post=370"},{"taxonomy":"product_tag","embeddable":true,"href":"https:\/\/digitalbunker.agenciajmz.com\/index.php?rest_route=%2Fwp%2Fv2%2Fproduct_tag&post=370"}],"curies":[{"name":"wp","href":"https:\/\/api.w.org\/{rel}","templated":true}]}}