{"id":373,"date":"2025-05-05T22:27:52","date_gmt":"2025-05-05T22:27:52","guid":{"rendered":"https:\/\/digitalbunker.agenciajmz.com\/?post_type=product&#038;p=373"},"modified":"2025-05-06T03:34:19","modified_gmt":"2025-05-06T03:34:19","slug":"curso-bienes-raices","status":"publish","type":"product","link":"https:\/\/digitalbunker.agenciajmz.com\/?product=curso-bienes-raices","title":{"rendered":"Curso Bienes Raices"},"content":{"rendered":"<p>Si alguna vez has considerado una carrera en el sector inmobiliario, nuestro Curso de Bienes Ra\u00edces es la oportunidad perfecta para ti. Este curso est\u00e1 dise\u00f1ado para ofrecerte las habilidades y el conocimiento necesarios para triunfar en un mercado competitivo. Aprende de expertos en la materia y ad\u00e9ntrate en el fascinante mundo de las propiedades, inversiones y gesti\u00f3n inmobiliaria.<\/p>\n<p>&nbsp;<\/p>\n","protected":false},"excerpt":{"rendered":"<p>Si alguna vez has considerado una carrera en el sector inmobiliario, nuestro Curso de Bienes Ra\u00edces es la oportunidad perfecta para ti. Este curso est\u00e1 dise\u00f1ado para ofrecerte las habilidades y el conocimiento necesarios para triunfar en un mercado competitivo. Aprende de expertos en la materia y ad\u00e9ntrate en el fascinante mundo de las propiedades, [&hellip;]<\/p>\n","protected":false},"featured_media":374,"comment_status":"open","ping_status":"closed","template":"","meta":[],"product_cat":[22],"product_tag":[],"class_list":{"0":"post-373","1":"product","2":"type-product","3":"status-publish","4":"has-post-thumbnail","6":"product_cat-cursos","8":"first","9":"instock","10":"sale","11":"downloadable","12":"virtual","13":"purchasable","14":"product-type-simple"},"_links":{"self":[{"href":"https:\/\/digitalbunker.agenciajmz.com\/index.php?rest_route=\/wp\/v2\/product\/373"}],"collection":[{"href":"https:\/\/digitalbunker.agenciajmz.com\/index.php?rest_route=\/wp\/v2\/product"}],"about":[{"href":"https:\/\/digitalbunker.agenciajmz.com\/index.php?rest_route=\/wp\/v2\/types\/product"}],"replies":[{"embeddable":true,"href":"https:\/\/digitalbunker.agenciajmz.com\/index.php?rest_route=%2Fwp%2Fv2%2Fcomments&post=373"}],"wp:featuredmedia":[{"embeddable":true,"href":"https:\/\/digitalbunker.agenciajmz.com\/index.php?rest_route=\/wp\/v2\/media\/374"}],"wp:attachment":[{"href":"https:\/\/digitalbunker.agenciajmz.com\/index.php?rest_route=%2Fwp%2Fv2%2Fmedia&parent=373"}],"wp:term":[{"taxonomy":"product_cat","embeddable":true,"href":"https:\/\/digitalbunker.agenciajmz.com\/index.php?rest_route=%2Fwp%2Fv2%2Fproduct_cat&post=373"},{"taxonomy":"product_tag","embeddable":true,"href":"https:\/\/digitalbunker.agenciajmz.com\/index.php?rest_route=%2Fwp%2Fv2%2Fproduct_tag&post=373"}],"curies":[{"name":"wp","href":"https:\/\/api.w.org\/{rel}","templated":true}]}}