{"id":396,"date":"2025-05-06T01:35:43","date_gmt":"2025-05-06T01:35:43","guid":{"rendered":"https:\/\/digitalbunker.agenciajmz.com\/?post_type=product&#038;p=396"},"modified":"2025-05-06T03:33:47","modified_gmt":"2025-05-06T03:33:47","slug":"curso-de-cocina","status":"publish","type":"product","link":"https:\/\/digitalbunker.agenciajmz.com\/?product=curso-de-cocina","title":{"rendered":"Curso de Cocina"},"content":{"rendered":"<p>Si siempre has so\u00f1ado con preparar platillos deliciosos y sorprendentes, nuestro <b>curso de cocina<\/b> es la respuesta a tus deseos. Dise\u00f1ado tanto para principiantes como para aquellos que desean perfeccionar sus habilidades culinarias, este curso te llevar\u00e1 a un viaje emocionante en el mundo de la gastronom\u00eda. Aprender\u00e1s desde las bases hasta t\u00e9cnicas avanzadas que te permitir\u00e1n impresionar a tus amigos y familiares con cada comida.<\/p>\n","protected":false},"excerpt":{"rendered":"<p>Si siempre has so\u00f1ado con preparar platillos deliciosos y sorprendentes, nuestro curso de cocina es la respuesta a tus deseos. Dise\u00f1ado tanto para principiantes como para aquellos que desean perfeccionar sus habilidades culinarias, este curso te llevar\u00e1 a un viaje emocionante en el mundo de la gastronom\u00eda. Aprender\u00e1s desde las bases hasta t\u00e9cnicas avanzadas que [&hellip;]<\/p>\n","protected":false},"featured_media":397,"comment_status":"open","ping_status":"closed","template":"","meta":[],"product_cat":[22],"product_tag":[],"class_list":{"0":"post-396","1":"product","2":"type-product","3":"status-publish","4":"has-post-thumbnail","6":"product_cat-cursos","8":"first","9":"instock","10":"sale","11":"downloadable","12":"virtual","13":"purchasable","14":"product-type-simple"},"_links":{"self":[{"href":"https:\/\/digitalbunker.agenciajmz.com\/index.php?rest_route=\/wp\/v2\/product\/396"}],"collection":[{"href":"https:\/\/digitalbunker.agenciajmz.com\/index.php?rest_route=\/wp\/v2\/product"}],"about":[{"href":"https:\/\/digitalbunker.agenciajmz.com\/index.php?rest_route=\/wp\/v2\/types\/product"}],"replies":[{"embeddable":true,"href":"https:\/\/digitalbunker.agenciajmz.com\/index.php?rest_route=%2Fwp%2Fv2%2Fcomments&post=396"}],"wp:featuredmedia":[{"embeddable":true,"href":"https:\/\/digitalbunker.agenciajmz.com\/index.php?rest_route=\/wp\/v2\/media\/397"}],"wp:attachment":[{"href":"https:\/\/digitalbunker.agenciajmz.com\/index.php?rest_route=%2Fwp%2Fv2%2Fmedia&parent=396"}],"wp:term":[{"taxonomy":"product_cat","embeddable":true,"href":"https:\/\/digitalbunker.agenciajmz.com\/index.php?rest_route=%2Fwp%2Fv2%2Fproduct_cat&post=396"},{"taxonomy":"product_tag","embeddable":true,"href":"https:\/\/digitalbunker.agenciajmz.com\/index.php?rest_route=%2Fwp%2Fv2%2Fproduct_tag&post=396"}],"curies":[{"name":"wp","href":"https:\/\/api.w.org\/{rel}","templated":true}]}}