{"id":402,"date":"2025-05-06T01:55:19","date_gmt":"2025-05-06T01:55:19","guid":{"rendered":"https:\/\/digitalbunker.agenciajmz.com\/?post_type=product&#038;p=402"},"modified":"2025-05-06T03:32:54","modified_gmt":"2025-05-06T03:32:54","slug":"crear-imagenes-con-inteligencia-artificial","status":"publish","type":"product","link":"https:\/\/digitalbunker.agenciajmz.com\/?product=crear-imagenes-con-inteligencia-artificial","title":{"rendered":"Crear Imagenes con inteligencia artificial"},"content":{"rendered":"<p>En un mundo donde la imagen lo es todo, <strong>Crear Im\u00e1genes con Inteligencia Artificial<\/strong> se presenta como la soluci\u00f3n perfecta para aquellos que desean llevar su creatividad al siguiente nivel. Ya sea que seas un dise\u00f1ador gr\u00e1fico, un artista digital, o simplemente alguien que quiere experimentar con im\u00e1genes, esta herramienta innovadora te permite generar visuales impresionantes con solo unos clics.<\/p>\n","protected":false},"excerpt":{"rendered":"<p>En un mundo donde la imagen lo es todo, Crear Im\u00e1genes con Inteligencia Artificial se presenta como la soluci\u00f3n perfecta para aquellos que desean llevar su creatividad al siguiente nivel. Ya sea que seas un dise\u00f1ador gr\u00e1fico, un artista digital, o simplemente alguien que quiere experimentar con im\u00e1genes, esta herramienta innovadora te permite generar visuales [&hellip;]<\/p>\n","protected":false},"featured_media":403,"comment_status":"open","ping_status":"closed","template":"","meta":[],"product_cat":[22],"product_tag":[],"class_list":{"0":"post-402","1":"product","2":"type-product","3":"status-publish","4":"has-post-thumbnail","6":"product_cat-cursos","8":"first","9":"instock","10":"sale","11":"downloadable","12":"virtual","13":"purchasable","14":"product-type-simple"},"_links":{"self":[{"href":"https:\/\/digitalbunker.agenciajmz.com\/index.php?rest_route=\/wp\/v2\/product\/402"}],"collection":[{"href":"https:\/\/digitalbunker.agenciajmz.com\/index.php?rest_route=\/wp\/v2\/product"}],"about":[{"href":"https:\/\/digitalbunker.agenciajmz.com\/index.php?rest_route=\/wp\/v2\/types\/product"}],"replies":[{"embeddable":true,"href":"https:\/\/digitalbunker.agenciajmz.com\/index.php?rest_route=%2Fwp%2Fv2%2Fcomments&post=402"}],"wp:featuredmedia":[{"embeddable":true,"href":"https:\/\/digitalbunker.agenciajmz.com\/index.php?rest_route=\/wp\/v2\/media\/403"}],"wp:attachment":[{"href":"https:\/\/digitalbunker.agenciajmz.com\/index.php?rest_route=%2Fwp%2Fv2%2Fmedia&parent=402"}],"wp:term":[{"taxonomy":"product_cat","embeddable":true,"href":"https:\/\/digitalbunker.agenciajmz.com\/index.php?rest_route=%2Fwp%2Fv2%2Fproduct_cat&post=402"},{"taxonomy":"product_tag","embeddable":true,"href":"https:\/\/digitalbunker.agenciajmz.com\/index.php?rest_route=%2Fwp%2Fv2%2Fproduct_tag&post=402"}],"curies":[{"name":"wp","href":"https:\/\/api.w.org\/{rel}","templated":true}]}}