{"id":405,"date":"2025-05-06T02:11:57","date_gmt":"2025-05-06T02:11:57","guid":{"rendered":"https:\/\/digitalbunker.agenciajmz.com\/?post_type=product&#038;p=405"},"modified":"2025-05-06T03:32:34","modified_gmt":"2025-05-06T03:32:34","slug":"crea-tu-curso-en-60-minutos-con-ia","status":"publish","type":"product","link":"https:\/\/digitalbunker.agenciajmz.com\/?product=crea-tu-curso-en-60-minutos-con-ia","title":{"rendered":"Crea tu curso en 60 minutos con IA"},"content":{"rendered":"<p>\u00bfEst\u00e1s buscando una manera r\u00e1pida y efectiva de crear tu propio curso? Con nuestra herramienta &#8216;Crea tu curso en 60 minutos con IA&#8217;, el proceso de desarrollo del curso se simplifica de forma impresionante. Aprovecha el poder de la inteligencia artificial para dise\u00f1ar y estructurar tu contenido en menos de una hora. Ya no necesitas ser un experto en tecnolog\u00eda o educaci\u00f3n, solo necesitas una idea y nosotros te ayudamos a materializarla.<\/p>\n<p>&nbsp;<\/p>\n","protected":false},"excerpt":{"rendered":"<p>\u00bfEst\u00e1s buscando una manera r\u00e1pida y efectiva de crear tu propio curso? Con nuestra herramienta &#8216;Crea tu curso en 60 minutos con IA&#8217;, el proceso de desarrollo del curso se simplifica de forma impresionante. Aprovecha el poder de la inteligencia artificial para dise\u00f1ar y estructurar tu contenido en menos de una hora. Ya no necesitas [&hellip;]<\/p>\n","protected":false},"featured_media":406,"comment_status":"open","ping_status":"closed","template":"","meta":[],"product_cat":[22],"product_tag":[],"class_list":{"0":"post-405","1":"product","2":"type-product","3":"status-publish","4":"has-post-thumbnail","6":"product_cat-cursos","8":"first","9":"instock","10":"sale","11":"downloadable","12":"virtual","13":"purchasable","14":"product-type-simple"},"_links":{"self":[{"href":"https:\/\/digitalbunker.agenciajmz.com\/index.php?rest_route=\/wp\/v2\/product\/405"}],"collection":[{"href":"https:\/\/digitalbunker.agenciajmz.com\/index.php?rest_route=\/wp\/v2\/product"}],"about":[{"href":"https:\/\/digitalbunker.agenciajmz.com\/index.php?rest_route=\/wp\/v2\/types\/product"}],"replies":[{"embeddable":true,"href":"https:\/\/digitalbunker.agenciajmz.com\/index.php?rest_route=%2Fwp%2Fv2%2Fcomments&post=405"}],"wp:featuredmedia":[{"embeddable":true,"href":"https:\/\/digitalbunker.agenciajmz.com\/index.php?rest_route=\/wp\/v2\/media\/406"}],"wp:attachment":[{"href":"https:\/\/digitalbunker.agenciajmz.com\/index.php?rest_route=%2Fwp%2Fv2%2Fmedia&parent=405"}],"wp:term":[{"taxonomy":"product_cat","embeddable":true,"href":"https:\/\/digitalbunker.agenciajmz.com\/index.php?rest_route=%2Fwp%2Fv2%2Fproduct_cat&post=405"},{"taxonomy":"product_tag","embeddable":true,"href":"https:\/\/digitalbunker.agenciajmz.com\/index.php?rest_route=%2Fwp%2Fv2%2Fproduct_tag&post=405"}],"curies":[{"name":"wp","href":"https:\/\/api.w.org\/{rel}","templated":true}]}}