{"id":411,"date":"2025-05-06T03:29:45","date_gmt":"2025-05-06T03:29:45","guid":{"rendered":"https:\/\/digitalbunker.agenciajmz.com\/?post_type=product&#038;p=411"},"modified":"2025-05-06T03:29:46","modified_gmt":"2025-05-06T03:29:46","slug":"crea-tus-cursos-webinars-y-funneles","status":"publish","type":"product","link":"https:\/\/digitalbunker.agenciajmz.com\/?product=crea-tus-cursos-webinars-y-funneles","title":{"rendered":"Crea tus cursos webinars y funneles"},"content":{"rendered":"<p>En la era digital, la capacidad de ense\u00f1ar y compartir conocimientos es m\u00e1s importante que nunca. Con nuestra plataforma, puedes crear cursos completos, webinars interactivos y poderosos funneles que atraer\u00e1n a tu audiencia y multiplicar\u00e1n tu alcance. Imagina poder compartir tus experiencias y conocimientos con personas de todo el mundo, todo a trav\u00e9s de una interfaz sencilla y accesible.<\/p>\n<p>&nbsp;<\/p>\n","protected":false},"excerpt":{"rendered":"<p>En la era digital, la capacidad de ense\u00f1ar y compartir conocimientos es m\u00e1s importante que nunca. Con nuestra plataforma, puedes crear cursos completos, webinars interactivos y poderosos funneles que atraer\u00e1n a tu audiencia y multiplicar\u00e1n tu alcance. Imagina poder compartir tus experiencias y conocimientos con personas de todo el mundo, todo a trav\u00e9s de una [&hellip;]<\/p>\n","protected":false},"featured_media":412,"comment_status":"open","ping_status":"closed","template":"","meta":[],"product_cat":[22],"product_tag":[],"class_list":{"0":"post-411","1":"product","2":"type-product","3":"status-publish","4":"has-post-thumbnail","6":"product_cat-cursos","8":"first","9":"instock","10":"sale","11":"downloadable","12":"virtual","13":"purchasable","14":"product-type-simple"},"_links":{"self":[{"href":"https:\/\/digitalbunker.agenciajmz.com\/index.php?rest_route=\/wp\/v2\/product\/411"}],"collection":[{"href":"https:\/\/digitalbunker.agenciajmz.com\/index.php?rest_route=\/wp\/v2\/product"}],"about":[{"href":"https:\/\/digitalbunker.agenciajmz.com\/index.php?rest_route=\/wp\/v2\/types\/product"}],"replies":[{"embeddable":true,"href":"https:\/\/digitalbunker.agenciajmz.com\/index.php?rest_route=%2Fwp%2Fv2%2Fcomments&post=411"}],"wp:featuredmedia":[{"embeddable":true,"href":"https:\/\/digitalbunker.agenciajmz.com\/index.php?rest_route=\/wp\/v2\/media\/412"}],"wp:attachment":[{"href":"https:\/\/digitalbunker.agenciajmz.com\/index.php?rest_route=%2Fwp%2Fv2%2Fmedia&parent=411"}],"wp:term":[{"taxonomy":"product_cat","embeddable":true,"href":"https:\/\/digitalbunker.agenciajmz.com\/index.php?rest_route=%2Fwp%2Fv2%2Fproduct_cat&post=411"},{"taxonomy":"product_tag","embeddable":true,"href":"https:\/\/digitalbunker.agenciajmz.com\/index.php?rest_route=%2Fwp%2Fv2%2Fproduct_tag&post=411"}],"curies":[{"name":"wp","href":"https:\/\/api.w.org\/{rel}","templated":true}]}}