{"id":416,"date":"2025-05-06T03:54:46","date_gmt":"2025-05-06T03:54:46","guid":{"rendered":"https:\/\/digitalbunker.agenciajmz.com\/?post_type=product&#038;p=416"},"modified":"2025-05-06T04:07:32","modified_gmt":"2025-05-06T04:07:32","slug":"aprende-a-crear-videos-con-ia","status":"publish","type":"product","link":"https:\/\/digitalbunker.agenciajmz.com\/?product=aprende-a-crear-videos-con-ia","title":{"rendered":"Aprende a crear videos con IA"},"content":{"rendered":"<p>En un mundo donde el contenido visual es rey, aprender a crear videos impactantes es esencial para destacar. Con nuestro curso &#8220;Aprende a Crear Videos con IA&#8221;, te llevaremos a trav\u00e9s de un viaje emocionante que no solo te ense\u00f1ar\u00e1 a utilizar herramientas innovadoras, sino que tambi\u00e9n te permitir\u00e1 hacer videos que capturan la atenci\u00f3n de tu audiencia en cuesti\u00f3n de minutos.<\/p>\n<p>&nbsp;<\/p>\n","protected":false},"excerpt":{"rendered":"<p>En un mundo donde el contenido visual es rey, aprender a crear videos impactantes es esencial para destacar. Con nuestro curso &#8220;Aprende a Crear Videos con IA&#8221;, te llevaremos a trav\u00e9s de un viaje emocionante que no solo te ense\u00f1ar\u00e1 a utilizar herramientas innovadoras, sino que tambi\u00e9n te permitir\u00e1 hacer videos que capturan la atenci\u00f3n [&hellip;]<\/p>\n","protected":false},"featured_media":417,"comment_status":"open","ping_status":"closed","template":"","meta":[],"product_cat":[22],"product_tag":[],"class_list":{"0":"post-416","1":"product","2":"type-product","3":"status-publish","4":"has-post-thumbnail","6":"product_cat-cursos","8":"first","9":"instock","10":"sale","11":"downloadable","12":"virtual","13":"purchasable","14":"product-type-simple"},"_links":{"self":[{"href":"https:\/\/digitalbunker.agenciajmz.com\/index.php?rest_route=\/wp\/v2\/product\/416"}],"collection":[{"href":"https:\/\/digitalbunker.agenciajmz.com\/index.php?rest_route=\/wp\/v2\/product"}],"about":[{"href":"https:\/\/digitalbunker.agenciajmz.com\/index.php?rest_route=\/wp\/v2\/types\/product"}],"replies":[{"embeddable":true,"href":"https:\/\/digitalbunker.agenciajmz.com\/index.php?rest_route=%2Fwp%2Fv2%2Fcomments&post=416"}],"wp:featuredmedia":[{"embeddable":true,"href":"https:\/\/digitalbunker.agenciajmz.com\/index.php?rest_route=\/wp\/v2\/media\/417"}],"wp:attachment":[{"href":"https:\/\/digitalbunker.agenciajmz.com\/index.php?rest_route=%2Fwp%2Fv2%2Fmedia&parent=416"}],"wp:term":[{"taxonomy":"product_cat","embeddable":true,"href":"https:\/\/digitalbunker.agenciajmz.com\/index.php?rest_route=%2Fwp%2Fv2%2Fproduct_cat&post=416"},{"taxonomy":"product_tag","embeddable":true,"href":"https:\/\/digitalbunker.agenciajmz.com\/index.php?rest_route=%2Fwp%2Fv2%2Fproduct_tag&post=416"}],"curies":[{"name":"wp","href":"https:\/\/api.w.org\/{rel}","templated":true}]}}