{"id":419,"date":"2025-05-06T04:16:08","date_gmt":"2025-05-06T04:16:08","guid":{"rendered":"https:\/\/digitalbunker.agenciajmz.com\/?post_type=product&#038;p=419"},"modified":"2025-05-06T18:55:36","modified_gmt":"2025-05-06T18:55:36","slug":"crear-una-web-con-wordspress","status":"publish","type":"product","link":"https:\/\/digitalbunker.agenciajmz.com\/?product=crear-una-web-con-wordspress","title":{"rendered":"Crear una web con wordspress"},"content":{"rendered":"<p>Si has so\u00f1ado con tener tu propio espacio en la web, el <strong>Curso Crear una Web con WordPress<\/strong> es la soluci\u00f3n perfecta para ti. Te proporcionamos las herramientas necesarias para desarrollar un sitio web atractivo y funcional, incluso si no tienes experiencia previa en programaci\u00f3n. Con nuestro curso, podr\u00e1s dar vida a tu proyecto en l\u00ednea y alcanzar a tu audiencia de una forma efectiva y profesional.<\/p>\n<p>&nbsp;<\/p>\n","protected":false},"excerpt":{"rendered":"<p>Si has so\u00f1ado con tener tu propio espacio en la web, el Curso Crear una Web con WordPress es la soluci\u00f3n perfecta para ti. Te proporcionamos las herramientas necesarias para desarrollar un sitio web atractivo y funcional, incluso si no tienes experiencia previa en programaci\u00f3n. Con nuestro curso, podr\u00e1s dar vida a tu proyecto en [&hellip;]<\/p>\n","protected":false},"featured_media":421,"comment_status":"open","ping_status":"closed","template":"","meta":[],"product_cat":[22],"product_tag":[],"class_list":{"0":"post-419","1":"product","2":"type-product","3":"status-publish","4":"has-post-thumbnail","6":"product_cat-cursos","8":"first","9":"instock","10":"sale","11":"downloadable","12":"virtual","13":"purchasable","14":"product-type-simple"},"_links":{"self":[{"href":"https:\/\/digitalbunker.agenciajmz.com\/index.php?rest_route=\/wp\/v2\/product\/419"}],"collection":[{"href":"https:\/\/digitalbunker.agenciajmz.com\/index.php?rest_route=\/wp\/v2\/product"}],"about":[{"href":"https:\/\/digitalbunker.agenciajmz.com\/index.php?rest_route=\/wp\/v2\/types\/product"}],"replies":[{"embeddable":true,"href":"https:\/\/digitalbunker.agenciajmz.com\/index.php?rest_route=%2Fwp%2Fv2%2Fcomments&post=419"}],"wp:featuredmedia":[{"embeddable":true,"href":"https:\/\/digitalbunker.agenciajmz.com\/index.php?rest_route=\/wp\/v2\/media\/421"}],"wp:attachment":[{"href":"https:\/\/digitalbunker.agenciajmz.com\/index.php?rest_route=%2Fwp%2Fv2%2Fmedia&parent=419"}],"wp:term":[{"taxonomy":"product_cat","embeddable":true,"href":"https:\/\/digitalbunker.agenciajmz.com\/index.php?rest_route=%2Fwp%2Fv2%2Fproduct_cat&post=419"},{"taxonomy":"product_tag","embeddable":true,"href":"https:\/\/digitalbunker.agenciajmz.com\/index.php?rest_route=%2Fwp%2Fv2%2Fproduct_tag&post=419"}],"curies":[{"name":"wp","href":"https:\/\/api.w.org\/{rel}","templated":true}]}}